{"id":487,"date":"2021-07-03T18:17:47","date_gmt":"2021-07-03T18:17:47","guid":{"rendered":"https:\/\/larson-demo.bslthemes.com\/?page_id=487"},"modified":"2024-04-21T22:16:34","modified_gmt":"2024-04-21T22:16:34","slug":"noticias","status":"publish","type":"page","link":"https:\/\/vertice-sur.com\/en\/noticias\/","title":{"rendered":"Noticias"},"content":{"rendered":"<div data-elementor-type=\"wp-page\" data-elementor-id=\"487\" class=\"elementor elementor-487\">\n\t\t\t\t\t\t<section class=\"elementor-section elementor-top-section elementor-element elementor-element-5d9cc6c elementor-section-full_width elementor-section-height-default elementor-section-height-default\" data-id=\"5d9cc6c\" data-element_type=\"section\" data-e-type=\"section\">\n\t\t\t\t\t\t<div class=\"elementor-container elementor-column-gap-no\">\n\t\t\t\t\t<div class=\"elementor-column elementor-col-100 elementor-top-column elementor-element elementor-element-b76e427\" data-id=\"b76e427\" data-element_type=\"column\" data-e-type=\"column\">\n\t\t\t<div class=\"elementor-widget-wrap elementor-element-populated\">\n\t\t\t\t\t\t<div class=\"elementor-element elementor-element-15f3c7f elementor-widget elementor-widget-larson-intro\" data-id=\"15f3c7f\" data-element_type=\"widget\" data-e-type=\"widget\" data-widget_type=\"larson-intro.default\">\n\t\t\t\t<div class=\"elementor-widget-container\">\n\t\t\t\t\t\n\t\t<article class=\"article\">\n\t        <header class=\"article__header\">\n\t          <div class=\"container\">\n\t            \t            <h1 class=\"article__heading heading heading--size-large\">\n\t            \t<span >\n\t\t\t\t\t\tQu\u00e9 construimos ahora\t\t\t\t\t<\/span>\n\t            <\/h1>\n\t            \t            \t          <\/div>\n\t        <\/header>\n\t        \t    <\/article>\n\n\t\t\t\t\t\t<\/div>\n\t\t\t\t<\/div>\n\t\t\t\t\t<\/div>\n\t\t<\/div>\n\t\t\t\t\t<\/div>\n\t\t<\/section>\n\t\t\t\t<section class=\"elementor-section elementor-top-section elementor-element elementor-element-a301033 elementor-section-full_width elementor-section-height-default elementor-section-height-default\" data-id=\"a301033\" data-element_type=\"section\" data-e-type=\"section\">\n\t\t\t\t\t\t<div class=\"elementor-container elementor-column-gap-no\">\n\t\t\t\t\t<div class=\"elementor-column elementor-col-100 elementor-top-column elementor-element elementor-element-82b94f1\" data-id=\"82b94f1\" data-element_type=\"column\" data-e-type=\"column\">\n\t\t\t<div class=\"elementor-widget-wrap elementor-element-populated\">\n\t\t\t\t\t\t<div class=\"elementor-element elementor-element-fe874a2 elementor-widget elementor-widget-larson-blog\" data-id=\"fe874a2\" data-element_type=\"widget\" data-e-type=\"widget\" data-widget_type=\"larson-blog.default\">\n\t\t\t\t<div class=\"elementor-widget-container\">\n\t\t\t\t\t\n\t\t\n\t\t<div class=\"article__main article__main--width-full container\">\n                    <ul class=\"news-listing row __js_news-grid news-grid-col-4\">\n          \t<li class=\"grid-sizer\"><\/li>\n          \t\n\n<li id=\"post-1084\" class=\"news-listing__item news-listing__item--high col-12 col-md-6 col-xl-3 __js_masonry-item __js_villas  post-1084 post type-post status-publish format-standard has-post-thumbnail hentry category-villas\">\n  <div class=\"card card--small card--masonry card--news\">\n        <div class=\"card__image\">\n      <img decoding=\"async\" src=\"https:\/\/vertice-sur.com\/wp-content\/uploads\/2024\/04\/Villas-el-higueron-UR19-Fase-II.jpg\" alt=\"Villas El Higuer\u00f3n UR19 Fase II\" \/>\n    <\/div>\n        <div class=\"card__content card__content--full\">\n      <div class=\"card__date\">August 1, 2021<\/div>\n      <h3 class=\"card__heading\"><a href=\"https:\/\/vertice-sur.com\/en\/villas-el-higueron-ur19-fase-ii\/\">Villas El Higuer\u00f3n UR19 Fase II<\/a><\/h3>\n            <div class=\"card__text\"><p>To mark the first UK show of artist Henri Barande My job is simple and sophisticated, so it is possible to describe and simple, and flowery language. I love the feel and sophistication of its superiority. I like people with a keen mind and at the same time easy to&#8230; <\/p>\n<div class=\"readmore\"><a href=\"https:\/\/vertice-sur.com\/en\/villas-el-higueron-ur19-fase-ii\/\" class=\"btn-link\">Read more<\/a><\/div>\n<\/div>\n            <div class=\"card__bottom\">\n        <a class=\"card__link\" href=\"https:\/\/vertice-sur.com\/en\/villas-el-higueron-ur19-fase-ii\/\">\n          Learn more          <svg width=\"20\" height=\"20\">\n            <use xlink:href=\"#chevron-right\"><\/use>\n          <\/svg>\n        <\/a>\n      <\/div>\n    <\/div>\n  <\/div>\n<\/li><!-- #post-1084 -->\n\n<li id=\"post-1079\" class=\"news-listing__item news-listing__item--high col-12 col-md-6 col-xl-3 __js_masonry-item __js_villas  post-1079 post type-post status-publish format-standard has-post-thumbnail hentry category-villas\">\n  <div class=\"card card--small card--masonry card--news\">\n        <div class=\"card__image\">\n      <img decoding=\"async\" src=\"https:\/\/vertice-sur.com\/wp-content\/uploads\/2024\/04\/Villa-unifamiliar-en-Nagueles-Marbella.jpg\" alt=\"Villa unifamiliar en Nagueles &#8211; Marbella\" \/>\n    <\/div>\n        <div class=\"card__content card__content--full\">\n      <div class=\"card__date\">August 1, 2021<\/div>\n      <h3 class=\"card__heading\"><a href=\"https:\/\/vertice-sur.com\/en\/villa-unifamiliar-en-nagueles\/\">Villa unifamiliar en Nagueles &#8211; Marbella<\/a><\/h3>\n            <div class=\"card__text\"><p>To mark the first UK show of artist Henri Barande My job is simple and sophisticated, so it is possible to describe and simple, and flowery language. I love the feel and sophistication of its superiority. I like people with a keen mind and at the same time easy to&#8230; <\/p>\n<div class=\"readmore\"><a href=\"https:\/\/vertice-sur.com\/en\/villa-unifamiliar-en-nagueles\/\" class=\"btn-link\">Read more<\/a><\/div>\n<\/div>\n            <div class=\"card__bottom\">\n        <a class=\"card__link\" href=\"https:\/\/vertice-sur.com\/en\/villa-unifamiliar-en-nagueles\/\">\n          Learn more          <svg width=\"20\" height=\"20\">\n            <use xlink:href=\"#chevron-right\"><\/use>\n          <\/svg>\n        <\/a>\n      <\/div>\n    <\/div>\n  <\/div>\n<\/li><!-- #post-1079 -->\n\n<li id=\"post-1077\" class=\"news-listing__item news-listing__item--high col-12 col-md-6 col-xl-3 __js_masonry-item __js_villas  post-1077 post type-post status-publish format-standard has-post-thumbnail hentry category-villas\">\n  <div class=\"card card--small card--masonry card--news\">\n        <div class=\"card__image\">\n      <img decoding=\"async\" src=\"https:\/\/vertice-sur.com\/wp-content\/uploads\/2024\/04\/Reforma-integral-Huerta-Belon-Marbella-2.jpg\" alt=\"Reforma integral Huerta Bel\u00f3n &#8211; Marbella\" \/>\n    <\/div>\n        <div class=\"card__content card__content--full\">\n      <div class=\"card__date\">August 1, 2021<\/div>\n      <h3 class=\"card__heading\"><a href=\"https:\/\/vertice-sur.com\/en\/house-near-london\/\">Reforma integral Huerta Bel\u00f3n &#8211; Marbella<\/a><\/h3>\n            <div class=\"card__text\"><p>To mark the first UK show of artist Henri Barande My job is simple and sophisticated, so it is possible to describe and simple, and flowery language. I love the feel and sophistication of its superiority. I like people with a keen mind and at the same time easy to&#8230; <\/p>\n<div class=\"readmore\"><a href=\"https:\/\/vertice-sur.com\/en\/house-near-london\/\" class=\"btn-link\">Read more<\/a><\/div>\n<\/div>\n            <div class=\"card__bottom\">\n        <a class=\"card__link\" href=\"https:\/\/vertice-sur.com\/en\/house-near-london\/\">\n          Learn more          <svg width=\"20\" height=\"20\">\n            <use xlink:href=\"#chevron-right\"><\/use>\n          <\/svg>\n        <\/a>\n      <\/div>\n    <\/div>\n  <\/div>\n<\/li><!-- #post-1077 -->\n\n<li id=\"post-1075\" class=\"news-listing__item news-listing__item--high col-12 col-md-6 col-xl-3 __js_masonry-item __js_villas  post-1075 post type-post status-publish format-standard has-post-thumbnail hentry category-villas\">\n  <div class=\"card card--small card--masonry card--news\">\n        <div class=\"card__image\">\n      <img decoding=\"async\" src=\"https:\/\/vertice-sur.com\/wp-content\/uploads\/2024\/04\/Villa-F2-Zagaleta-Benahavis.jpg\" alt=\"Villa F2 Zagaleta &#8211; Benahav\u00eds\" \/>\n    <\/div>\n        <div class=\"card__content card__content--full\">\n      <div class=\"card__date\">August 1, 2021<\/div>\n      <h3 class=\"card__heading\"><a href=\"https:\/\/vertice-sur.com\/en\/villa-f2-zagaleta\/\">Villa F2 Zagaleta &#8211; Benahav\u00eds<\/a><\/h3>\n            <div class=\"card__text\"><p>To mark the first UK show of artist Henri Barande My job is simple and sophisticated, so it is possible to describe and simple, and flowery language. I love the feel and sophistication of its superiority. I like people with a keen mind and at the same time easy to&#8230; <\/p>\n<div class=\"readmore\"><a href=\"https:\/\/vertice-sur.com\/en\/villa-f2-zagaleta\/\" class=\"btn-link\">Read more<\/a><\/div>\n<\/div>\n            <div class=\"card__bottom\">\n        <a class=\"card__link\" href=\"https:\/\/vertice-sur.com\/en\/villa-f2-zagaleta\/\">\n          Learn more          <svg width=\"20\" height=\"20\">\n            <use xlink:href=\"#chevron-right\"><\/use>\n          <\/svg>\n        <\/a>\n      <\/div>\n    <\/div>\n  <\/div>\n<\/li><!-- #post-1075 -->\n\n<li id=\"post-512\" class=\"news-listing__item news-listing__item--high col-12 col-md-6 col-xl-3 __js_masonry-item __js_villas  post-512 post type-post status-publish format-standard has-post-thumbnail hentry category-villas tag-decoation tag-inspiration tag-minimal tag-workspace\">\n  <div class=\"card card--small card--masonry card--news\">\n        <div class=\"card__image\">\n      <img decoding=\"async\" src=\"https:\/\/vertice-sur.com\/wp-content\/uploads\/2024\/04\/Diseno-sin-titulo-92-min.png\" alt=\"Villa F6 Zagaleta &#8211; Benahav\u00eds\" \/>\n    <\/div>\n        <div class=\"card__content card__content--full\">\n      <div class=\"card__date\">July 4, 2021<\/div>\n      <h3 class=\"card__heading\"><a href=\"https:\/\/vertice-sur.com\/en\/villa-f6-zagaleta\/\">Villa F6 Zagaleta &#8211; Benahav\u00eds<\/a><\/h3>\n            <div class=\"card__text\"><p>To mark the first UK show of artist Henri Barande My job is simple and sophisticated, so it is possible to describe and simple, and flowery language. I love the feel and sophistication of its superiority. I like people with a keen mind and at the same time easy to&#8230; <\/p>\n<div class=\"readmore\"><a href=\"https:\/\/vertice-sur.com\/en\/villa-f6-zagaleta\/\" class=\"btn-link\">Read more<\/a><\/div>\n<\/div>\n            <div class=\"card__bottom\">\n        <a class=\"card__link\" href=\"https:\/\/vertice-sur.com\/en\/villa-f6-zagaleta\/\">\n          Learn more          <svg width=\"20\" height=\"20\">\n            <use xlink:href=\"#chevron-right\"><\/use>\n          <\/svg>\n        <\/a>\n      <\/div>\n    <\/div>\n  <\/div>\n<\/li><!-- #post-512 -->\n\n<li id=\"post-73\" class=\"news-listing__item news-listing__item--high col-12 col-md-6 col-xl-3 __js_masonry-item __js_villas  post-73 post type-post status-publish format-standard has-post-thumbnail hentry category-villas\">\n  <div class=\"card card--small card--masonry card--news\">\n        <div class=\"card__image\">\n      <img decoding=\"async\" src=\"https:\/\/vertice-sur.com\/wp-content\/uploads\/2024\/04\/Diseno-sin-titulo-91-min.png\" alt=\"Villa Avda Los Naranjos &#8211; Guadalmina Baja\" \/>\n    <\/div>\n        <div class=\"card__content card__content--full\">\n      <div class=\"card__date\">June 9, 2021<\/div>\n      <h3 class=\"card__heading\"><a href=\"https:\/\/vertice-sur.com\/en\/villa-avda-los-naranjos\/\">Villa Avda Los Naranjos &#8211; Guadalmina Baja<\/a><\/h3>\n            <div class=\"card__text\"><p>To mark the first UK show of artist Henri Barande My job is simple and sophisticated, so it is possible to describe and simple, and flowery language. I love the feel and sophistication of its superiority. I like people with a keen mind and at the same time easy to&#8230; <\/p>\n<div class=\"readmore\"><a href=\"https:\/\/vertice-sur.com\/en\/villa-avda-los-naranjos\/\" class=\"btn-link\">Read more<\/a><\/div>\n<\/div>\n            <div class=\"card__bottom\">\n        <a class=\"card__link\" href=\"https:\/\/vertice-sur.com\/en\/villa-avda-los-naranjos\/\">\n          Learn more          <svg width=\"20\" height=\"20\">\n            <use xlink:href=\"#chevron-right\"><\/use>\n          <\/svg>\n        <\/a>\n      <\/div>\n    <\/div>\n  <\/div>\n<\/li><!-- #post-73 -->\n\n<li id=\"post-65\" class=\"news-listing__item news-listing__item--high col-12 col-md-6 col-xl-3 __js_masonry-item __js_villas  post-65 post type-post status-publish format-standard has-post-thumbnail hentry category-villas\">\n  <div class=\"card card--small card--masonry card--news\">\n        <div class=\"card__image\">\n      <img decoding=\"async\" src=\"https:\/\/vertice-sur.com\/wp-content\/uploads\/2024\/04\/Diseno-sin-titulo-96-min-1.png\" alt=\"52 Viviendas Alexia &#8211; Las Mesas Estepona\" \/>\n    <\/div>\n        <div class=\"card__content card__content--full\">\n      <div class=\"card__date\">June 9, 2021<\/div>\n      <h3 class=\"card__heading\"><a href=\"https:\/\/vertice-sur.com\/en\/discover-architecture\/\">52 Viviendas Alexia &#8211; Las Mesas Estepona<\/a><\/h3>\n            <div class=\"card__text\"><p>To mark the first UK show of artist Henri Barande My job is simple and sophisticated, so it is possible to describe and simple, and flowery language. I love the feel and sophistication of its superiority. I like people with a keen mind and at the same time easy to&#8230; <\/p>\n<div class=\"readmore\"><a href=\"https:\/\/vertice-sur.com\/en\/discover-architecture\/\" class=\"btn-link\">Read more<\/a><\/div>\n<\/div>\n            <div class=\"card__bottom\">\n        <a class=\"card__link\" href=\"https:\/\/vertice-sur.com\/en\/discover-architecture\/\">\n          Learn more          <svg width=\"20\" height=\"20\">\n            <use xlink:href=\"#chevron-right\"><\/use>\n          <\/svg>\n        <\/a>\n      <\/div>\n    <\/div>\n  <\/div>\n<\/li><!-- #post-65 -->          <\/ul>\n\n                  <\/div>\n\n\t\t\t\t\t\t<\/div>\n\t\t\t\t<\/div>\n\t\t\t\t\t<\/div>\n\t\t<\/div>\n\t\t\t\t\t<\/div>\n\t\t<\/section>\n\t\t\t\t<\/div>","protected":false},"excerpt":{"rendered":"<p>Qu\u00e9 construimos ahora agosto 1, 2021 Villas El Higuer\u00f3n UR19 Fase II To mark the first UK show of artist Henri Barande My job is simple and sophisticated, so it is possible to describe and simple, and flowery language. I love the feel and sophistication of its superiority. I like&#8230; <\/p>\n<div class=\"readmore\"><a href=\"https:\/\/vertice-sur.com\/en\/discover-architecture\/\" class=\"btn-link\">Read more<\/a><\/div>","protected":false},"author":1,"featured_media":0,"parent":0,"menu_order":0,"comment_status":"closed","ping_status":"closed","template":"template-elementor-default.php","meta":{"nf_dc_page":"","footnotes":""},"class_list":["post-487","page","type-page","status-publish","hentry"],"acf":[],"yoast_head":"<!-- This site is optimized with the Yoast SEO plugin v27.4 - https:\/\/yoast.com\/product\/yoast-seo-wordpress\/ -->\n<title>Noticias - V\u00e9rtice Constructora<\/title>\n<meta name=\"robots\" content=\"index, follow, max-snippet:-1, max-image-preview:large, max-video-preview:-1\" \/>\n<link rel=\"canonical\" href=\"https:\/\/vertice-sur.com\/en\/noticias\/\" \/>\n<meta property=\"og:locale\" content=\"en_GB\" \/>\n<meta property=\"og:type\" content=\"article\" \/>\n<meta property=\"og:title\" content=\"Noticias - V\u00e9rtice Constructora\" \/>\n<meta property=\"og:description\" content=\"Qu\u00e9 construimos ahora agosto 1, 2021 Villas El Higuer\u00f3n UR19 Fase II To mark the first UK show of artist Henri Barande My job is simple and sophisticated, so it is possible to describe and simple, and flowery language. I love the feel and sophistication of its superiority. I like... Read more\" \/>\n<meta property=\"og:url\" content=\"https:\/\/vertice-sur.com\/en\/noticias\/\" \/>\n<meta property=\"og:site_name\" content=\"V\u00e9rtice Constructora\" \/>\n<meta property=\"article:modified_time\" content=\"2024-04-21T22:16:34+00:00\" \/>\n<meta property=\"og:image\" content=\"https:\/\/vertice-sur.com\/wp-content\/uploads\/2024\/04\/Villas-el-higueron-UR19-Fase-II.jpg\" \/>\n<meta name=\"twitter:card\" content=\"summary_large_image\" \/>\n<meta name=\"twitter:label1\" content=\"Estimated reading time\" \/>\n\t<meta name=\"twitter:data1\" content=\"6 minutes\" \/>\n<script type=\"application\/ld+json\" class=\"yoast-schema-graph\">{\"@context\":\"https:\\\/\\\/schema.org\",\"@graph\":[{\"@type\":\"WebPage\",\"@id\":\"https:\\\/\\\/vertice-sur.com\\\/noticias\\\/\",\"url\":\"https:\\\/\\\/vertice-sur.com\\\/noticias\\\/\",\"name\":\"Noticias - V\u00e9rtice Constructora\",\"isPartOf\":{\"@id\":\"https:\\\/\\\/vertice-sur.com\\\/#website\"},\"primaryImageOfPage\":{\"@id\":\"https:\\\/\\\/vertice-sur.com\\\/noticias\\\/#primaryimage\"},\"image\":{\"@id\":\"https:\\\/\\\/vertice-sur.com\\\/noticias\\\/#primaryimage\"},\"thumbnailUrl\":\"https:\\\/\\\/vertice-sur.com\\\/wp-content\\\/uploads\\\/2024\\\/04\\\/Villas-el-higueron-UR19-Fase-II.jpg\",\"datePublished\":\"2021-07-03T18:17:47+00:00\",\"dateModified\":\"2024-04-21T22:16:34+00:00\",\"breadcrumb\":{\"@id\":\"https:\\\/\\\/vertice-sur.com\\\/noticias\\\/#breadcrumb\"},\"inLanguage\":\"en-GB\",\"potentialAction\":[{\"@type\":\"ReadAction\",\"target\":[\"https:\\\/\\\/vertice-sur.com\\\/noticias\\\/\"]}]},{\"@type\":\"ImageObject\",\"inLanguage\":\"en-GB\",\"@id\":\"https:\\\/\\\/vertice-sur.com\\\/noticias\\\/#primaryimage\",\"url\":\"https:\\\/\\\/vertice-sur.com\\\/wp-content\\\/uploads\\\/2024\\\/04\\\/Villas-el-higueron-UR19-Fase-II.jpg\",\"contentUrl\":\"https:\\\/\\\/vertice-sur.com\\\/wp-content\\\/uploads\\\/2024\\\/04\\\/Villas-el-higueron-UR19-Fase-II.jpg\"},{\"@type\":\"BreadcrumbList\",\"@id\":\"https:\\\/\\\/vertice-sur.com\\\/noticias\\\/#breadcrumb\",\"itemListElement\":[{\"@type\":\"ListItem\",\"position\":1,\"name\":\"Home\",\"item\":\"https:\\\/\\\/vertice-sur.com\\\/\"},{\"@type\":\"ListItem\",\"position\":2,\"name\":\"Noticias\"}]},{\"@type\":\"WebSite\",\"@id\":\"https:\\\/\\\/vertice-sur.com\\\/#website\",\"url\":\"https:\\\/\\\/vertice-sur.com\\\/\",\"name\":\"V\u00e9rtice Sur Constructora\",\"description\":\"V\u00e9rtice-Sur Constructora\",\"publisher\":{\"@id\":\"https:\\\/\\\/vertice-sur.com\\\/#organization\"},\"alternateName\":\"V\u00e9rtice Sur Constructora\",\"potentialAction\":[{\"@type\":\"SearchAction\",\"target\":{\"@type\":\"EntryPoint\",\"urlTemplate\":\"https:\\\/\\\/vertice-sur.com\\\/?s={search_term_string}\"},\"query-input\":{\"@type\":\"PropertyValueSpecification\",\"valueRequired\":true,\"valueName\":\"search_term_string\"}}],\"inLanguage\":\"en-GB\"},{\"@type\":\"Organization\",\"@id\":\"https:\\\/\\\/vertice-sur.com\\\/#organization\",\"name\":\"V\u00e9rtice Constructora\",\"url\":\"https:\\\/\\\/vertice-sur.com\\\/\",\"logo\":{\"@type\":\"ImageObject\",\"inLanguage\":\"en-GB\",\"@id\":\"https:\\\/\\\/vertice-sur.com\\\/#\\\/schema\\\/logo\\\/image\\\/\",\"url\":\"https:\\\/\\\/vertice-sur.com\\\/wp-content\\\/uploads\\\/2024\\\/03\\\/LOGO-CORPORATIVO.svg\",\"contentUrl\":\"https:\\\/\\\/vertice-sur.com\\\/wp-content\\\/uploads\\\/2024\\\/03\\\/LOGO-CORPORATIVO.svg\",\"width\":1020,\"height\":300,\"caption\":\"V\u00e9rtice Constructora\"},\"image\":{\"@id\":\"https:\\\/\\\/vertice-sur.com\\\/#\\\/schema\\\/logo\\\/image\\\/\"}}]}<\/script>\n<!-- \/ Yoast SEO plugin. -->","yoast_head_json":{"title":"Noticias - V\u00e9rtice Constructora","robots":{"index":"index","follow":"follow","max-snippet":"max-snippet:-1","max-image-preview":"max-image-preview:large","max-video-preview":"max-video-preview:-1"},"canonical":"https:\/\/vertice-sur.com\/en\/noticias\/","og_locale":"en_GB","og_type":"article","og_title":"Noticias - V\u00e9rtice Constructora","og_description":"Qu\u00e9 construimos ahora agosto 1, 2021 Villas El Higuer\u00f3n UR19 Fase II To mark the first UK show of artist Henri Barande My job is simple and sophisticated, so it is possible to describe and simple, and flowery language. I love the feel and sophistication of its superiority. I like... Read more","og_url":"https:\/\/vertice-sur.com\/en\/noticias\/","og_site_name":"V\u00e9rtice Constructora","article_modified_time":"2024-04-21T22:16:34+00:00","og_image":[{"url":"https:\/\/vertice-sur.com\/wp-content\/uploads\/2024\/04\/Villas-el-higueron-UR19-Fase-II.jpg","type":"","width":"","height":""}],"twitter_card":"summary_large_image","twitter_misc":{"Estimated reading time":"6 minutes"},"schema":{"@context":"https:\/\/schema.org","@graph":[{"@type":"WebPage","@id":"https:\/\/vertice-sur.com\/noticias\/","url":"https:\/\/vertice-sur.com\/noticias\/","name":"Noticias - V\u00e9rtice Constructora","isPartOf":{"@id":"https:\/\/vertice-sur.com\/#website"},"primaryImageOfPage":{"@id":"https:\/\/vertice-sur.com\/noticias\/#primaryimage"},"image":{"@id":"https:\/\/vertice-sur.com\/noticias\/#primaryimage"},"thumbnailUrl":"https:\/\/vertice-sur.com\/wp-content\/uploads\/2024\/04\/Villas-el-higueron-UR19-Fase-II.jpg","datePublished":"2021-07-03T18:17:47+00:00","dateModified":"2024-04-21T22:16:34+00:00","breadcrumb":{"@id":"https:\/\/vertice-sur.com\/noticias\/#breadcrumb"},"inLanguage":"en-GB","potentialAction":[{"@type":"ReadAction","target":["https:\/\/vertice-sur.com\/noticias\/"]}]},{"@type":"ImageObject","inLanguage":"en-GB","@id":"https:\/\/vertice-sur.com\/noticias\/#primaryimage","url":"https:\/\/vertice-sur.com\/wp-content\/uploads\/2024\/04\/Villas-el-higueron-UR19-Fase-II.jpg","contentUrl":"https:\/\/vertice-sur.com\/wp-content\/uploads\/2024\/04\/Villas-el-higueron-UR19-Fase-II.jpg"},{"@type":"BreadcrumbList","@id":"https:\/\/vertice-sur.com\/noticias\/#breadcrumb","itemListElement":[{"@type":"ListItem","position":1,"name":"Home","item":"https:\/\/vertice-sur.com\/"},{"@type":"ListItem","position":2,"name":"Noticias"}]},{"@type":"WebSite","@id":"https:\/\/vertice-sur.com\/#website","url":"https:\/\/vertice-sur.com\/","name":"V\u00e9rtice Sur Constructora","description":"V\u00e9rtice-Sur Constructora","publisher":{"@id":"https:\/\/vertice-sur.com\/#organization"},"alternateName":"V\u00e9rtice Sur Constructora","potentialAction":[{"@type":"SearchAction","target":{"@type":"EntryPoint","urlTemplate":"https:\/\/vertice-sur.com\/?s={search_term_string}"},"query-input":{"@type":"PropertyValueSpecification","valueRequired":true,"valueName":"search_term_string"}}],"inLanguage":"en-GB"},{"@type":"Organization","@id":"https:\/\/vertice-sur.com\/#organization","name":"V\u00e9rtice Constructora","url":"https:\/\/vertice-sur.com\/","logo":{"@type":"ImageObject","inLanguage":"en-GB","@id":"https:\/\/vertice-sur.com\/#\/schema\/logo\/image\/","url":"https:\/\/vertice-sur.com\/wp-content\/uploads\/2024\/03\/LOGO-CORPORATIVO.svg","contentUrl":"https:\/\/vertice-sur.com\/wp-content\/uploads\/2024\/03\/LOGO-CORPORATIVO.svg","width":1020,"height":300,"caption":"V\u00e9rtice Constructora"},"image":{"@id":"https:\/\/vertice-sur.com\/#\/schema\/logo\/image\/"}}]}},"_links":{"self":[{"href":"https:\/\/vertice-sur.com\/en\/wp-json\/wp\/v2\/pages\/487","targetHints":{"allow":["GET"]}}],"collection":[{"href":"https:\/\/vertice-sur.com\/en\/wp-json\/wp\/v2\/pages"}],"about":[{"href":"https:\/\/vertice-sur.com\/en\/wp-json\/wp\/v2\/types\/page"}],"author":[{"embeddable":true,"href":"https:\/\/vertice-sur.com\/en\/wp-json\/wp\/v2\/users\/1"}],"replies":[{"embeddable":true,"href":"https:\/\/vertice-sur.com\/en\/wp-json\/wp\/v2\/comments?post=487"}],"version-history":[{"count":5,"href":"https:\/\/vertice-sur.com\/en\/wp-json\/wp\/v2\/pages\/487\/revisions"}],"predecessor-version":[{"id":2237,"href":"https:\/\/vertice-sur.com\/en\/wp-json\/wp\/v2\/pages\/487\/revisions\/2237"}],"wp:attachment":[{"href":"https:\/\/vertice-sur.com\/en\/wp-json\/wp\/v2\/media?parent=487"}],"curies":[{"name":"wp","href":"https:\/\/api.w.org\/{rel}","templated":true}]}}