{"id":368,"date":"2021-06-17T11:31:47","date_gmt":"2021-06-17T11:31:47","guid":{"rendered":"https:\/\/larson-demo.bslthemes.com\/?page_id=368"},"modified":"2025-05-15T12:21:24","modified_gmt":"2025-05-15T12:21:24","slug":"contacto","status":"publish","type":"page","link":"https:\/\/vertice-sur.com\/en\/contacto\/","title":{"rendered":"Contacto"},"content":{"rendered":"<div data-elementor-type=\"wp-page\" data-elementor-id=\"368\" class=\"elementor elementor-368\">\n\t\t\t\t\t\t<section class=\"elementor-section elementor-top-section elementor-element elementor-element-a41e2b2 elementor-section-full_width elementor-section-height-default elementor-section-height-default\" data-id=\"a41e2b2\" data-element_type=\"section\" data-e-type=\"section\">\n\t\t\t\t\t\t<div class=\"elementor-container elementor-column-gap-no\">\n\t\t\t\t\t<div class=\"elementor-column elementor-col-100 elementor-top-column elementor-element elementor-element-97c067e\" data-id=\"97c067e\" data-element_type=\"column\" data-e-type=\"column\">\n\t\t\t<div class=\"elementor-widget-wrap elementor-element-populated\">\n\t\t\t\t\t\t<div class=\"elementor-element elementor-element-4f6d00e elementor-widget elementor-widget-larson-intro\" data-id=\"4f6d00e\" data-element_type=\"widget\" data-e-type=\"widget\" data-widget_type=\"larson-intro.default\">\n\t\t\t\t<div class=\"elementor-widget-container\">\n\t\t\t\t\t\n\t\t<article class=\"article\">\n\t        <header class=\"article__header\">\n\t          <div class=\"container\">\n\t            \t            <h1 class=\"article__heading heading heading--size-large\">\n\t            \t<span >\n\t\t\t\t\t\tContacto\t\t\t\t\t<\/span>\n\t            <\/h1>\n\t            \t            \t          <\/div>\n\t        <\/header>\n\t        \t    <\/article>\n\n\t\t\t\t\t\t<\/div>\n\t\t\t\t<\/div>\n\t\t\t\t\t<\/div>\n\t\t<\/div>\n\t\t\t\t\t<\/div>\n\t\t<\/section>\n\t\t\t\t<section class=\"elementor-section elementor-top-section elementor-element elementor-element-d46eaa0 elementor-section-boxed elementor-section-height-default elementor-section-height-default\" data-id=\"d46eaa0\" data-element_type=\"section\" data-e-type=\"section\">\n\t\t\t\t\t\t<div class=\"elementor-container elementor-column-gap-no\">\n\t\t\t\t\t<div class=\"elementor-column elementor-col-50 elementor-top-column elementor-element elementor-element-46678d9\" data-id=\"46678d9\" data-element_type=\"column\" data-e-type=\"column\">\n\t\t\t<div class=\"elementor-widget-wrap elementor-element-populated\">\n\t\t\t\t\t\t<div class=\"elementor-element elementor-element-3837240 elementor-widget elementor-widget-larson-contact-info\" data-id=\"3837240\" data-element_type=\"widget\" data-e-type=\"widget\" data-widget_type=\"larson-contact-info.default\">\n\t\t\t\t<div class=\"elementor-widget-container\">\n\t\t\t\t\t\n\t\t<div class=\"article__map map\">\n          <div class=\"map__inner container\">\n            <div class=\"contact-block\">\n                            <div class=\"contact-block__heading\">\n              \t<span >\n\t\t\t\t\t\u00bfD\u00f3nde estamos?\t\t\t\t<\/span>\n              <\/div>\n                                          <address class=\"contact-block__address\">\n              \t<span >\n\t\t\t\t\tRecinto Ferial de Estepona N-16 (Los Claveles)\n\nPuerta trasera, 29680 Estepona, M\u00e1laga\t\t\t\t<\/span>\n              <\/address>\n                                                        <div class=\"contact-block__item\">\n              \t                <div class=\"contact-block__item-hint\">\n                \t<span >\n\t\t\t\t\t\tEmail:\t\t\t\t\t<\/span>\n                <\/div>\n                                <div class=\"contact-block__item-val\">\n                  <a href=\"mailto:oficina@vertice-sur.com\">\n                  \t<span >\n\t\t\t\t\t\toficina@vertice-sur.com\t\t\t\t\t<\/span>\n                  <\/a>\n                <\/div>\n              <\/div>\n                                          <div class=\"contact-block__item\">\n              \t                <div class=\"contact-block__item-hint\">\n                \t<span >\n\t\t\t\t\t\tLl\u00e1manos: +34637 257 176\t\t\t\t\t<\/span>\n                <\/div>\n                                <div class=\"contact-block__item-val\">\n                  <!-- Social-->\n                  <ul class=\"contact-block__social social--contact social\">\n                                      <\/ul>\n                <\/div>\n              <\/div>\n                                          <div class=\"contact-block__item\">\n              \t                <div class=\"contact-block__item-hint\">\n                \t<span >\n\t\t\t\t\t\tHorario:\t\t\t\t\t<\/span>\n                <\/div>\n                                <div class=\"contact-block__item-val\">\n                \t<span >\n\t\t\t\t\t\tLunes - Viernes: 8:00 - 17:30\t\t\t\t\t<\/span>\n                <\/div>\n              <\/div>\n                          <\/div>\n          <\/div>\n        <\/div>\n\n\t\t\t\t\t\t<\/div>\n\t\t\t\t<\/div>\n\t\t\t\t\t<\/div>\n\t\t<\/div>\n\t\t\t\t<div class=\"elementor-column elementor-col-50 elementor-top-column elementor-element elementor-element-01fa2d2\" data-id=\"01fa2d2\" data-element_type=\"column\" data-e-type=\"column\">\n\t\t\t<div class=\"elementor-widget-wrap elementor-element-populated\">\n\t\t\t\t\t\t<div class=\"elementor-element elementor-element-649013d elementor-widget elementor-widget-larson-cf7-form\" data-id=\"649013d\" data-element_type=\"widget\" data-e-type=\"widget\" data-widget_type=\"larson-cf7-form.default\">\n\t\t\t\t<div class=\"elementor-widget-container\">\n\t\t\t\t\t\n\t\t<div class=\"article__main container\">\n          <section class=\"article__feedback feedback\">\n          \t            <div class=\"feedback__heading heading\" data-aos=\"fade\">\n            \t<span >\n\t\t\t\t\tSolicita Presupuesto sin compromiso<br>Cu\u00e9ntanos tu <span class=\"color-yellow\">proyecto.<\/span>\t\t\t\t<\/span>\n            <\/div>\n            \n                        \t\n<div class=\"wpcf7 no-js\" id=\"wpcf7-f11-o1\" lang=\"en-US\" dir=\"ltr\" data-wpcf7-id=\"11\">\n<div class=\"screen-reader-response\"><p role=\"status\" aria-live=\"polite\" aria-atomic=\"true\"><\/p> <ul><\/ul><\/div>\n<form action=\"\/en\/wp-json\/wp\/v2\/pages\/368#wpcf7-f11-o1\" method=\"post\" class=\"wpcf7-form init\" aria-label=\"Contact form\" novalidate=\"novalidate\" data-status=\"init\" data-trp-original-action=\"\/en\/wp-json\/wp\/v2\/pages\/368#wpcf7-f11-o1\">\n<fieldset class=\"hidden-fields-container\"><input type=\"hidden\" name=\"_wpcf7\" value=\"11\" \/><input type=\"hidden\" name=\"_wpcf7_version\" value=\"6.1.5\" \/><input type=\"hidden\" name=\"_wpcf7_locale\" value=\"en_US\" \/><input type=\"hidden\" name=\"_wpcf7_unit_tag\" value=\"wpcf7-f11-o1\" \/><input type=\"hidden\" name=\"_wpcf7_container_post\" value=\"0\" \/><input type=\"hidden\" name=\"_wpcf7_posted_data_hash\" value=\"\" \/>\n<\/fieldset>\n<div class=\"row\">\n <div class=\"feedback__field-wrapper col-12 col-md-6 col-lg-6\" data-aos=\"fade\">\n  <label class=\"field\" aria-label=\"Name\">\n   <span class=\"wpcf7-form-control-wrap\" data-name=\"cf_name\"><input size=\"40\" maxlength=\"400\" class=\"wpcf7-form-control wpcf7-text wpcf7-validates-as-required\" aria-required=\"true\" aria-invalid=\"false\" placeholder=\"Nombre\" value=\"\" type=\"text\" name=\"cf_name\" \/><\/span>\n  <\/label>\n <\/div>\n <div class=\"feedback__field-wrapper col-12 col-md-6 col-lg-6\" data-aos=\"fade\">\n  <label class=\"field\" aria-label=\"Email\">\n   <span class=\"wpcf7-form-control-wrap\" data-name=\"cf_email\"><input size=\"40\" maxlength=\"400\" class=\"wpcf7-form-control wpcf7-email wpcf7-validates-as-required wpcf7-text wpcf7-validates-as-email\" aria-required=\"true\" aria-invalid=\"false\" placeholder=\"Correo electr\u00f3nico\" value=\"\" type=\"email\" name=\"cf_email\" \/><\/span>\n  <\/label>\n <\/div>\n <div class=\"feedback__field-wrapper col-12 col-lg-12\" data-aos=\"fade\">\n  <label class=\"field\" aria-label=\"Subject\">\n   <span class=\"wpcf7-form-control-wrap\" data-name=\"cf_subject\"><input size=\"40\" maxlength=\"400\" class=\"wpcf7-form-control wpcf7-text wpcf7-validates-as-required\" aria-required=\"true\" aria-invalid=\"false\" placeholder=\"Asunto\" value=\"\" type=\"text\" name=\"cf_subject\" \/><\/span>\n  <\/label>\n <\/div>\n <div class=\"feedback__field-wrapper col-12\" data-aos=\"fade\">\n  <label class=\"field\" aria-label=\"message\">\n   <span class=\"wpcf7-form-control-wrap\" data-name=\"cf_message\"><textarea cols=\"40\" rows=\"10\" maxlength=\"2000\" class=\"wpcf7-form-control wpcf7-textarea wpcf7-validates-as-required\" aria-required=\"true\" aria-invalid=\"false\" placeholder=\"Mensaje\" name=\"cf_message\"><\/textarea><\/span>\n  <\/label>\n <\/div>\n<\/div>\n<button class=\"btn\" type=\"submit\" data-aos=\"fade\">Enviar mensaje<\/button><div class=\"wpcf7-response-output\" aria-hidden=\"true\"><\/div>\n<input type=\"hidden\" name=\"trp-form-language\" value=\"en\"\/><\/form>\n<\/div>\n                      <\/section>\n        <\/div>\n\n\t\t\t\t\t\t<\/div>\n\t\t\t\t<\/div>\n\t\t\t\t\t<\/div>\n\t\t<\/div>\n\t\t\t\t\t<\/div>\n\t\t<\/section>\n\t\t\t\t<section class=\"elementor-section elementor-top-section elementor-element elementor-element-86dab40 elementor-section-full_width c__map elementor-section-height-default elementor-section-height-default\" data-id=\"86dab40\" data-element_type=\"section\" data-e-type=\"section\">\n\t\t\t\t\t\t<div class=\"elementor-container elementor-column-gap-custom\">\n\t\t\t\t\t<div class=\"elementor-column elementor-col-100 elementor-top-column elementor-element elementor-element-20aa73f\" data-id=\"20aa73f\" data-element_type=\"column\" data-e-type=\"column\">\n\t\t\t<div class=\"elementor-widget-wrap elementor-element-populated\">\n\t\t\t\t\t\t<div class=\"elementor-element elementor-element-79b9237 elementor-widget elementor-widget-google_maps\" data-id=\"79b9237\" data-element_type=\"widget\" data-e-type=\"widget\" data-widget_type=\"google_maps.default\">\n\t\t\t\t<div class=\"elementor-widget-container\">\n\t\t\t\t\t\t\t<div class=\"elementor-custom-embed\">\n\t\t\t<iframe loading=\"lazy\"\n\t\t\t\t\tsrc=\"https:\/\/maps.google.com\/maps?q=Recinto%20ferial%20de%20estepona%20&#038;t=m&#038;z=17&#038;output=embed&#038;iwloc=near\"\n\t\t\t\t\ttitle=\"Recinto ferial de estepona \"\n\t\t\t\t\taria-label=\"Recinto ferial de estepona \"\n\t\t\t><\/iframe>\n\t\t<\/div>\n\t\t\t\t\t\t<\/div>\n\t\t\t\t<\/div>\n\t\t\t\t\t<\/div>\n\t\t<\/div>\n\t\t\t\t\t<\/div>\n\t\t<\/section>\n\t\t\t\t<\/div>","protected":false},"excerpt":{"rendered":"<p>Contacto \u00bfD\u00f3nde estamos? Recinto Ferial de Estepona N-16 (Los Claveles) Puerta trasera, 29680 Estepona, M\u00e1laga Email: oficina@vertice-sur.com Ll\u00e1manos: +34637 257 176 Horario: Lunes &#8211; Viernes: 8:00 &#8211; 17:30 Solicita Presupuesto sin compromisoCu\u00e9ntanos tu proyecto. Enviar mensaje<\/p>","protected":false},"author":1,"featured_media":0,"parent":0,"menu_order":0,"comment_status":"closed","ping_status":"closed","template":"template-elementor-default.php","meta":{"nf_dc_page":"","footnotes":""},"class_list":["post-368","page","type-page","status-publish","hentry"],"acf":[],"yoast_head":"<!-- This site is optimized with the Yoast SEO plugin v27.4 - https:\/\/yoast.com\/product\/yoast-seo-wordpress\/ -->\n<title>Contacto - V\u00e9rtice Constructora<\/title>\n<meta name=\"robots\" content=\"index, follow, max-snippet:-1, max-image-preview:large, max-video-preview:-1\" \/>\n<link rel=\"canonical\" href=\"https:\/\/vertice-sur.com\/en\/contacto\/\" \/>\n<meta property=\"og:locale\" content=\"en_GB\" \/>\n<meta property=\"og:type\" content=\"article\" \/>\n<meta property=\"og:title\" content=\"Contacto - V\u00e9rtice Constructora\" \/>\n<meta property=\"og:description\" content=\"Contacto \u00bfD\u00f3nde estamos? Recinto Ferial de Estepona N-16 (Los Claveles) Puerta trasera, 29680 Estepona, M\u00e1laga Email: oficina@vertice-sur.com Ll\u00e1manos: +34637 257 176 Horario: Lunes &#8211; Viernes: 8:00 &#8211; 17:30 Solicita Presupuesto sin compromisoCu\u00e9ntanos tu proyecto. Enviar mensaje\" \/>\n<meta property=\"og:url\" content=\"https:\/\/vertice-sur.com\/en\/contacto\/\" \/>\n<meta property=\"og:site_name\" content=\"V\u00e9rtice Constructora\" \/>\n<meta property=\"article:modified_time\" content=\"2025-05-15T12:21:24+00:00\" \/>\n<meta name=\"twitter:card\" content=\"summary_large_image\" \/>\n<meta name=\"twitter:label1\" content=\"Estimated reading time\" \/>\n\t<meta name=\"twitter:data1\" content=\"1 minute\" \/>\n<script type=\"application\/ld+json\" class=\"yoast-schema-graph\">{\"@context\":\"https:\\\/\\\/schema.org\",\"@graph\":[{\"@type\":\"WebPage\",\"@id\":\"https:\\\/\\\/vertice-sur.com\\\/contacto\\\/\",\"url\":\"https:\\\/\\\/vertice-sur.com\\\/contacto\\\/\",\"name\":\"Contacto - V\u00e9rtice Constructora\",\"isPartOf\":{\"@id\":\"https:\\\/\\\/vertice-sur.com\\\/#website\"},\"datePublished\":\"2021-06-17T11:31:47+00:00\",\"dateModified\":\"2025-05-15T12:21:24+00:00\",\"breadcrumb\":{\"@id\":\"https:\\\/\\\/vertice-sur.com\\\/contacto\\\/#breadcrumb\"},\"inLanguage\":\"en-GB\",\"potentialAction\":[{\"@type\":\"ReadAction\",\"target\":[\"https:\\\/\\\/vertice-sur.com\\\/contacto\\\/\"]}]},{\"@type\":\"BreadcrumbList\",\"@id\":\"https:\\\/\\\/vertice-sur.com\\\/contacto\\\/#breadcrumb\",\"itemListElement\":[{\"@type\":\"ListItem\",\"position\":1,\"name\":\"Home\",\"item\":\"https:\\\/\\\/vertice-sur.com\\\/\"},{\"@type\":\"ListItem\",\"position\":2,\"name\":\"Contacto\"}]},{\"@type\":\"WebSite\",\"@id\":\"https:\\\/\\\/vertice-sur.com\\\/#website\",\"url\":\"https:\\\/\\\/vertice-sur.com\\\/\",\"name\":\"V\u00e9rtice Sur Constructora\",\"description\":\"V\u00e9rtice-Sur Constructora\",\"publisher\":{\"@id\":\"https:\\\/\\\/vertice-sur.com\\\/#organization\"},\"alternateName\":\"V\u00e9rtice Sur Constructora\",\"potentialAction\":[{\"@type\":\"SearchAction\",\"target\":{\"@type\":\"EntryPoint\",\"urlTemplate\":\"https:\\\/\\\/vertice-sur.com\\\/?s={search_term_string}\"},\"query-input\":{\"@type\":\"PropertyValueSpecification\",\"valueRequired\":true,\"valueName\":\"search_term_string\"}}],\"inLanguage\":\"en-GB\"},{\"@type\":\"Organization\",\"@id\":\"https:\\\/\\\/vertice-sur.com\\\/#organization\",\"name\":\"V\u00e9rtice Constructora\",\"url\":\"https:\\\/\\\/vertice-sur.com\\\/\",\"logo\":{\"@type\":\"ImageObject\",\"inLanguage\":\"en-GB\",\"@id\":\"https:\\\/\\\/vertice-sur.com\\\/#\\\/schema\\\/logo\\\/image\\\/\",\"url\":\"https:\\\/\\\/vertice-sur.com\\\/wp-content\\\/uploads\\\/2024\\\/03\\\/LOGO-CORPORATIVO.svg\",\"contentUrl\":\"https:\\\/\\\/vertice-sur.com\\\/wp-content\\\/uploads\\\/2024\\\/03\\\/LOGO-CORPORATIVO.svg\",\"width\":1020,\"height\":300,\"caption\":\"V\u00e9rtice Constructora\"},\"image\":{\"@id\":\"https:\\\/\\\/vertice-sur.com\\\/#\\\/schema\\\/logo\\\/image\\\/\"}}]}<\/script>\n<!-- \/ Yoast SEO plugin. -->","yoast_head_json":{"title":"Contacto - V\u00e9rtice Constructora","robots":{"index":"index","follow":"follow","max-snippet":"max-snippet:-1","max-image-preview":"max-image-preview:large","max-video-preview":"max-video-preview:-1"},"canonical":"https:\/\/vertice-sur.com\/en\/contacto\/","og_locale":"en_GB","og_type":"article","og_title":"Contacto - V\u00e9rtice Constructora","og_description":"Contacto \u00bfD\u00f3nde estamos? Recinto Ferial de Estepona N-16 (Los Claveles) Puerta trasera, 29680 Estepona, M\u00e1laga Email: oficina@vertice-sur.com Ll\u00e1manos: +34637 257 176 Horario: Lunes &#8211; Viernes: 8:00 &#8211; 17:30 Solicita Presupuesto sin compromisoCu\u00e9ntanos tu proyecto. Enviar mensaje","og_url":"https:\/\/vertice-sur.com\/en\/contacto\/","og_site_name":"V\u00e9rtice Constructora","article_modified_time":"2025-05-15T12:21:24+00:00","twitter_card":"summary_large_image","twitter_misc":{"Estimated reading time":"1 minute"},"schema":{"@context":"https:\/\/schema.org","@graph":[{"@type":"WebPage","@id":"https:\/\/vertice-sur.com\/contacto\/","url":"https:\/\/vertice-sur.com\/contacto\/","name":"Contacto - V\u00e9rtice Constructora","isPartOf":{"@id":"https:\/\/vertice-sur.com\/#website"},"datePublished":"2021-06-17T11:31:47+00:00","dateModified":"2025-05-15T12:21:24+00:00","breadcrumb":{"@id":"https:\/\/vertice-sur.com\/contacto\/#breadcrumb"},"inLanguage":"en-GB","potentialAction":[{"@type":"ReadAction","target":["https:\/\/vertice-sur.com\/contacto\/"]}]},{"@type":"BreadcrumbList","@id":"https:\/\/vertice-sur.com\/contacto\/#breadcrumb","itemListElement":[{"@type":"ListItem","position":1,"name":"Home","item":"https:\/\/vertice-sur.com\/"},{"@type":"ListItem","position":2,"name":"Contacto"}]},{"@type":"WebSite","@id":"https:\/\/vertice-sur.com\/#website","url":"https:\/\/vertice-sur.com\/","name":"V\u00e9rtice Sur Constructora","description":"V\u00e9rtice-Sur Constructora","publisher":{"@id":"https:\/\/vertice-sur.com\/#organization"},"alternateName":"V\u00e9rtice Sur Constructora","potentialAction":[{"@type":"SearchAction","target":{"@type":"EntryPoint","urlTemplate":"https:\/\/vertice-sur.com\/?s={search_term_string}"},"query-input":{"@type":"PropertyValueSpecification","valueRequired":true,"valueName":"search_term_string"}}],"inLanguage":"en-GB"},{"@type":"Organization","@id":"https:\/\/vertice-sur.com\/#organization","name":"V\u00e9rtice Constructora","url":"https:\/\/vertice-sur.com\/","logo":{"@type":"ImageObject","inLanguage":"en-GB","@id":"https:\/\/vertice-sur.com\/#\/schema\/logo\/image\/","url":"https:\/\/vertice-sur.com\/wp-content\/uploads\/2024\/03\/LOGO-CORPORATIVO.svg","contentUrl":"https:\/\/vertice-sur.com\/wp-content\/uploads\/2024\/03\/LOGO-CORPORATIVO.svg","width":1020,"height":300,"caption":"V\u00e9rtice Constructora"},"image":{"@id":"https:\/\/vertice-sur.com\/#\/schema\/logo\/image\/"}}]}},"_links":{"self":[{"href":"https:\/\/vertice-sur.com\/en\/wp-json\/wp\/v2\/pages\/368","targetHints":{"allow":["GET"]}}],"collection":[{"href":"https:\/\/vertice-sur.com\/en\/wp-json\/wp\/v2\/pages"}],"about":[{"href":"https:\/\/vertice-sur.com\/en\/wp-json\/wp\/v2\/types\/page"}],"author":[{"embeddable":true,"href":"https:\/\/vertice-sur.com\/en\/wp-json\/wp\/v2\/users\/1"}],"replies":[{"embeddable":true,"href":"https:\/\/vertice-sur.com\/en\/wp-json\/wp\/v2\/comments?post=368"}],"version-history":[{"count":5,"href":"https:\/\/vertice-sur.com\/en\/wp-json\/wp\/v2\/pages\/368\/revisions"}],"predecessor-version":[{"id":2375,"href":"https:\/\/vertice-sur.com\/en\/wp-json\/wp\/v2\/pages\/368\/revisions\/2375"}],"wp:attachment":[{"href":"https:\/\/vertice-sur.com\/en\/wp-json\/wp\/v2\/media?parent=368"}],"curies":[{"name":"wp","href":"https:\/\/api.w.org\/{rel}","templated":true}]}}